{"id":13916,"date":"2025-05-31T08:20:18","date_gmt":"2025-05-31T08:20:18","guid":{"rendered":"https:\/\/explorerodriguesisland.com\/?page_id=13916"},"modified":"2025-06-01T10:58:02","modified_gmt":"2025-06-01T10:58:02","slug":"discover-the-beaches","status":"publish","type":"page","link":"https:\/\/explorerodriguesisland.com\/fr\/discover-the-beaches\/","title":{"rendered":"D\u00e9couvrez les plages de Rodrigues"},"content":{"rendered":"<div class=\"wpb-content-wrapper\"><div id=\"vc_row-69f221febf402\" class=\"vc_row wpb_row vc_row-fluid vc_custom_1732959088892 thegem-custom-69f221febf3b96618\">\n<style>\n@media (max-width: 1199px) {\n    #vc_row-69f221febf402 .row > * {\n        margin-top: 0;\n    }\n}\n<\/style>\n<div class=\"wpb_column vc_column_container vc_col-sm-12 thegem-custom-69f221febf68a6079\" ><div class=\"vc_column-inner thegem-custom-inner-69f221febf68d vc_custom_1738690520629\"><div class=\"wpb_wrapper thegem-custom-69f221febf68a6079\">\r\n\t\r\n\t\t<div class=\"wpb_text_column wpb_content_element  thegem-vc-text thegem-custom-69f221febf90f3259\"  >\r\n\t\t\t<div class=\"wpb_wrapper\">\r\n\t\t\t\t<div style=\"text-align: center;\">\n<p><span style=\"color: #000000;\">Les plages de l\u2019\u00eele Rodrigues ont un charme unique et tr\u00e8s naturel. Avec ses paysages vari\u00e9s, ses plages de sable fin et ses eaux turquoise cristallines, Rodrigues est un paradis pour beaucoup.<\/span><\/p>\n<p><span style=\"color: #000000;\">Chaque c\u00f4te a sa propre histoire. Certaines s'\u00e9tendent sans fin, tandis que d'autres restent isol\u00e9es. Les plages \u00e0 la fois vivantes et les plus secr\u00e8tes d\u00e9gagent une ambiance sereine. Avec une belle vie marine, Rodrigues est un r\u00eave qui attend d'\u00eatre explor\u00e9.<\/span><\/div>\n\r\n\t\t\t<\/div>\r\n\t\t\t<style>@media screen and (max-width: 1023px) {.thegem-vc-text.thegem-custom-69f221febf90f3259{display: block!important;}}@media screen and (max-width: 767px) {.thegem-vc-text.thegem-custom-69f221febf90f3259{display: block!important;}}@media screen and (max-width: 1023px) {.thegem-vc-text.thegem-custom-69f221febf90f3259{position: relative !important;}}@media screen and (max-width: 767px) {.thegem-vc-text.thegem-custom-69f221febf90f3259{position: relative !important;}}<\/style>\r\n\t\t<\/div>\r\n\t\r\n<div class=\"clearboth\"><\/div><style>#thegem-divider-69f221febf9cd {margin-top: 85px !important;}<\/style><div id=\"thegem-divider-69f221febf9cd\" class=\"gem-divider\" style=\"\" ><\/div><style>.portfolio.portfolio-grid#style-31156bb .portfolio-item:not(.size-item), .preloader#style-preloader-31156bb .portfolio-item { padding: calc(20px\/2) !important; }.portfolio.portfolio-grid#style-31156bb .portfolio-item.size-item { padding: 0 calc(20px\/2) !important; }.portfolio.portfolio-grid#style-31156bb .portfolio-row, .preloader#style-preloader-31156bb .skeleton-posts.portfolio-row { margin: calc(-20px\/2); }.portfolio.portfolio-grid#style-31156bb.fullwidth-columns .portfolio-row { margin: calc(-20px\/2) 0; }.portfolio.portfolio-grid#style-31156bb .fullwidth-block:not(.no-paddings) { padding-left: 20px; padding-right: 20px; }.portfolio.portfolio-grid#style-31156bb .fullwidth-block .portfolio-row { padding-left: calc(20px\/2); padding-right: calc(20px\/2); }.portfolio.portfolio-grid#style-31156bb .fullwidth-block .portfolio-top-panel { padding-left: 20px; padding-right: 20px; }.portfolio.portfolio-grid#style-31156bb.fullwidth-columns .with-filter-sidebar .filter-sidebar { padding-left: 20px; }.portfolio.portfolio-grid#style-31156bb .portfolio-item .caption .title span { text-transform: capitalize !important; }.portfolio.portfolio-grid#style-31156bb .portfolio-item .caption .title span { letter-spacing: px !important; }.portfolio.portfolio-grid#style-31156bb .portfolio-item .caption .caption-separator { background-color: #FFFFFF00 !important; }.portfolio.portfolio-grid#style-31156bb .portfolio-item .caption .subtitle { max-height: initial !important; }.portfolio.portfolio-grid#style-31156bb .portfolio-item .caption .subtitle span { white-space: initial; display: -webkit-box; -webkit-line-clamp: 6; line-clamp: 6; -webkit-box-orient: vertical; }.portfolio.portfolio-grid#style-31156bb .portfolio-item .caption .subtitle a, .portfolio.portfolio-grid#style-31156bb .portfolio-item .caption .subtitle p { white-space: initial; overflow: initial; }<\/style><style>.portfolio.portfolio-grid#style-31156bb .portfolio-filters { text-align: center; }<\/style><div id=\"style-preloader-31156bb\" class=\"preloader save-space\"><div class=\"preloader-spin\"><\/div><\/div> <div class=\"portfolio-preloader-wrapper panel-sidebar-position-left\"> <div class=\"portfolio portfolio-grid extended-portfolio-grid no-padding portfolio-pagination-scroll portfolio-style-justified background-style-white title-style-light hover-disabled title-on-page hover-elements-size-default version-default caption-position-page loading-animation item-animation-move-up enable-animation-mobile fullwidth-columns fullwidth-columns-5 columns-tablet-2 columns-mobile-1 disable-isotope next-page-preloading\" id=\"style-31156bb\" data-style-uid=\"31156bb\" data-portfolio-uid=\"grid_98c5c34\" data-current-page=\"1\" data-per-page=\"8\" data-next-page=\"2\" data-pages-count=\"2\" data-hover=\"disabled\" data-portfolio-filter=\"[]\" data-portfolio-filter-attributes=\"null\" data-portfolio-filter-search=\"\"> <div class=\"portfolio-row-outer fullwidth-block no-paddings\"> <div class=\"portfolio-top-panel selected-only\"> <div class=\"portfolio-filter-item portfolio-selected-filters left\"> <div class=\"portfolio-selected-filter-item clear-filters\"> Clear Filters\t<\/div> <\/div> <\/div> <div class=\"row portfolio-row\"> <div class=\"portfolio-set clearfix\" data-max-row-height=\"380\"> <div class=\"portfolio-item beaches-and-islet-photos col-xs-12 col-sm-6 columns-desktop-5 item-animations-not-inited portfolio-item-template appearance-type-featured_image post-1596 thegem_pf_item type-thegem_pf_item status-publish has-post-thumbnail\" data-default-sort=\"0\" data-sort-date=\"1748684346\"> <div class=\"wrap clearfix\"> <div class=\"image post-1596 thegem_pf_item type-thegem_pf_item status-publish has-post-thumbnail\"> <div class=\"image-inner\"> <picture> <source srcset=\"https:\/\/explorerodriguesisland.com\/wp-content\/uploads\/2023\/08\/4-thegem-product-justified-square-m.png 1x\" sizes=\"100vw\"> <img src=\"https:\/\/explorerodriguesisland.com\/wp-content\/uploads\/2023\/08\/4-thegem-product-justified-square-m.png\" width=\"400\" height=\"400\" class=\"attachment-thegem-product-justified-square-m\" alt=\"1. English Bay (Anse aux Anglais)\" \/> <\/picture> <\/div> <div class=\"overlay click-disabled\"> <div class=\"overlay-circle\"><\/div> <div class=\"links-wrapper\"> <div class=\"links\"> <\/div> <\/div> <\/div> <\/div> <div class=\"caption click-disabled post-1596 thegem_pf_item type-thegem_pf_item status-publish has-post-thumbnail\"> <div class=\"title\"> <span class=\"text-body\"> 1. Anse aux Anglais (English Bay) <\/span> <\/div> <div class=\"caption-separator\"><\/div> <div class=\"subtitle\"> <span class=\"\"><p>Situ\u00e9e sur la c\u00f4te nord de Rodrigues, Anse aux Anglais est \u00e0 2 km de Port Mathurin. Elle est facilement accessible et propose une s\u00e9lection de restaurants, de maisons d'h\u00f4tes et l'un des rares endroits anim\u00e9s la nuit de l'\u00eele.<\/p>\n<\/span> <\/div> <div class=\"portfolio-likes\"> <i class=\"default\"><\/i> <a href=\"#\" class=\"zilla-likes\" id=\"zilla-likes-1596\" title=\"Like this\"><span class=\"zilla-likes-count\">4<\/span> <span class=\"zilla-likes-postfix\"><\/span><\/a> <\/div> <\/div> <\/div> <\/div> <div class=\"portfolio-item beaches-and-islet-photos col-xs-12 col-sm-6 columns-desktop-5 item-animations-not-inited portfolio-item-template appearance-type-featured_image post-1597 thegem_pf_item type-thegem_pf_item status-publish has-post-thumbnail\" data-default-sort=\"0\" data-sort-date=\"1748684349\"> <div class=\"wrap clearfix\"> <div class=\"image post-1597 thegem_pf_item type-thegem_pf_item status-publish has-post-thumbnail\"> <div class=\"image-inner\"> <picture> <source srcset=\"https:\/\/explorerodriguesisland.com\/wp-content\/uploads\/2025\/05\/Riviere-Banane-thegem-product-justified-square-m.png 1x\" sizes=\"100vw\"> <img src=\"https:\/\/explorerodriguesisland.com\/wp-content\/uploads\/2025\/05\/Riviere-Banane-thegem-product-justified-square-m.png\" width=\"400\" height=\"400\" class=\"attachment-thegem-product-justified-square-m\" alt=\"2. Rivi\u00e8re Banane\" \/> <\/picture> <\/div> <div class=\"overlay click-disabled\"> <div class=\"overlay-circle\"><\/div> <div class=\"links-wrapper\"> <div class=\"links\"> <\/div> <\/div> <\/div> <\/div> <div class=\"caption click-disabled post-1597 thegem_pf_item type-thegem_pf_item status-publish has-post-thumbnail\"> <div class=\"title\"> <span class=\"text-body\"> 2. Rivi\u00e8re Banane <\/span> <\/div> <div class=\"caption-separator\"><\/div> <div class=\"subtitle\"> <span class=\"\"><p>Situ\u00e9e sur la c\u00f4te nord-est de Rodrigues, Rivi\u00e8re Banane o\ufb00re une retraite paisible. Id\u00e9al pour le snorkeling dans l'Aquarium Naturel, pour des promenades tranquilles et pour observer les\np\u00eacheurs locaux t\u00f4t le matin. <\/p>\n<\/span> <\/div> <div class=\"portfolio-likes\"> <i class=\"default\"><\/i> <a href=\"#\" class=\"zilla-likes\" id=\"zilla-likes-1597\" title=\"Like this\"><span class=\"zilla-likes-count\">3<\/span> <span class=\"zilla-likes-postfix\"><\/span><\/a> <\/div> <\/div> <\/div> <\/div> <div class=\"portfolio-item beaches-and-islet-photos col-xs-12 col-sm-6 columns-desktop-5 item-animations-not-inited portfolio-item-template appearance-type-featured_image post-1595 thegem_pf_item type-thegem_pf_item status-publish has-post-thumbnail\" data-default-sort=\"0\" data-sort-date=\"1748684345\"> <div class=\"wrap clearfix\"> <div class=\"image post-1595 thegem_pf_item type-thegem_pf_item status-publish has-post-thumbnail\"> <div class=\"image-inner\"> <picture> <source srcset=\"https:\/\/explorerodriguesisland.com\/wp-content\/uploads\/2023\/08\/3-thegem-product-justified-square-m.png 1x\" sizes=\"100vw\"> <img src=\"https:\/\/explorerodriguesisland.com\/wp-content\/uploads\/2023\/08\/3-thegem-product-justified-square-m.png\" width=\"400\" height=\"400\" class=\"attachment-thegem-product-justified-square-m\" alt=\"3. Cotton Bay (Pointe Coton)\" \/> <\/picture> <\/div> <div class=\"overlay click-disabled\"> <div class=\"overlay-circle\"><\/div> <div class=\"links-wrapper\"> <div class=\"links\"> <\/div> <\/div> <\/div> <\/div> <div class=\"caption click-disabled post-1595 thegem_pf_item type-thegem_pf_item status-publish has-post-thumbnail\"> <div class=\"title\"> <span class=\"text-body\"> 3. Pointe Coton (Cotton Bay) <\/span> <\/div> <div class=\"caption-separator\"><\/div> <div class=\"subtitle\"> <span class=\"\"><p>Situ\u00e9e sur la c\u00f4te nord-est de Rodrigues, Pointe Coton est une plage familiale tr\u00e8s appr\u00e9ci\u00e9e. Elle o\ufb00re un cadre pour la baignade et les pique-niques. Facilement accessible avec des facilit\u00e9s \u00e0 proximit\u00e9.<\/p>\n<\/span> <\/div> <div class=\"portfolio-likes\"> <i class=\"default\"><\/i> <a href=\"#\" class=\"zilla-likes\" id=\"zilla-likes-1595\" title=\"Like this\"><span class=\"zilla-likes-count\">2<\/span> <span class=\"zilla-likes-postfix\"><\/span><\/a> <\/div> <\/div> <\/div> <\/div> <div class=\"portfolio-item beaches-and-islet-photos col-xs-12 col-sm-6 columns-desktop-5 item-animations-not-inited portfolio-item-template appearance-type-featured_image post-14579 thegem_pf_item type-thegem_pf_item status-publish has-post-thumbnail\" data-default-sort=\"0\" data-sort-date=\"1748658797\"> <div class=\"wrap clearfix\"> <div class=\"image post-14579 thegem_pf_item type-thegem_pf_item status-publish has-post-thumbnail\"> <div class=\"image-inner\"> <picture> <source srcset=\"https:\/\/explorerodriguesisland.com\/wp-content\/uploads\/2025\/05\/Torrent-thegem-product-justified-square-m.png 1x\" sizes=\"100vw\"> <img src=\"https:\/\/explorerodriguesisland.com\/wp-content\/uploads\/2025\/05\/Torrent-thegem-product-justified-square-m.png\" width=\"400\" height=\"400\" class=\"attachment-thegem-product-justified-square-m\" alt=\"4. Torrent\" \/> <\/picture> <\/div> <div class=\"overlay click-disabled\"> <div class=\"overlay-circle\"><\/div> <div class=\"links-wrapper\"> <div class=\"links\"> <\/div> <\/div> <\/div> <\/div> <div class=\"caption click-disabled post-14579 thegem_pf_item type-thegem_pf_item status-publish has-post-thumbnail\"> <div class=\"title\"> <span class=\"text-body\"> 4. Torrent <\/span> <\/div> <div class=\"caption-separator\"><\/div> <div class=\"subtitle\"> <span class=\"\"><p>Situ\u00e9e sur la c\u00f4te est de Rodrigues, Torrent est un endroit pittoresque et isol\u00e9 connu pour sa beaut\u00e9 et sa c\u00f4te rocheuse. Il est id\u00e9al pour le snorkeling. \u00c0 distance de marche de la plage de Pointe Coton et de Fumier.<\/p>\n<\/span> <\/div> <div class=\"portfolio-likes\"> <i class=\"default\"><\/i> <a href=\"#\" class=\"zilla-likes\" id=\"zilla-likes-14579\" title=\"Like this\"><span class=\"zilla-likes-count\">4<\/span> <span class=\"zilla-likes-postfix\"><\/span><\/a> <\/div> <\/div> <\/div> <\/div> <div class=\"portfolio-item beaches-and-islet-photos col-xs-12 col-sm-6 columns-desktop-5 item-animations-not-inited portfolio-item-template appearance-type-featured_image post-14562 thegem_pf_item type-thegem_pf_item status-publish has-post-thumbnail\" data-default-sort=\"0\" data-sort-date=\"1748541515\"> <div class=\"wrap clearfix\"> <div class=\"image post-14562 thegem_pf_item type-thegem_pf_item status-publish has-post-thumbnail\"> <div class=\"image-inner\"> <picture> <source srcset=\"https:\/\/explorerodriguesisland.com\/wp-content\/uploads\/2025\/05\/RODRIGUES-thegem-product-justified-square-m.png 1x\" sizes=\"100vw\"> <img src=\"https:\/\/explorerodriguesisland.com\/wp-content\/uploads\/2025\/05\/RODRIGUES-thegem-product-justified-square-m.png\" width=\"400\" height=\"400\" class=\"attachment-thegem-product-justified-square-m\" alt=\"5. Anse Ali\" \/> <\/picture> <\/div> <div class=\"overlay click-disabled\"> <div class=\"overlay-circle\"><\/div> <div class=\"links-wrapper\"> <div class=\"links\"> <\/div> <\/div> <\/div> <\/div> <div class=\"caption click-disabled post-14562 thegem_pf_item type-thegem_pf_item status-publish has-post-thumbnail\"> <div class=\"title\"> <span class=\"text-body\"> 5. Anse Ali <\/span> <\/div> <div class=\"caption-separator\"><\/div> <div class=\"subtitle\"> <span class=\"\"><p>Situ\u00e9e sur la c\u00f4te est de Rodrigues, la plage d'Anse Ali est une plage paisible pour de longues promenades. Avec des facilit\u00e9s de stationnement, vous pouvez profiter d'une sortie en famille \u00e0 votre\nrythme. Anse Ali est pratique pour les visiteurs de tous \u00e2ges, y compris les enfants. <\/p>\n<\/span> <\/div> <div class=\"portfolio-likes\"> <i class=\"default\"><\/i> <a href=\"#\" class=\"zilla-likes\" id=\"zilla-likes-14562\" title=\"Like this\"><span class=\"zilla-likes-count\">5<\/span> <span class=\"zilla-likes-postfix\"><\/span><\/a> <\/div> <\/div> <\/div> <\/div> <div class=\"portfolio-item beaches-and-islet-photos col-xs-12 col-sm-6 columns-desktop-5 item-animations-not-inited portfolio-item-template appearance-type-featured_image post-1593 thegem_pf_item type-thegem_pf_item status-publish has-post-thumbnail\" data-default-sort=\"1\" data-sort-date=\"1748684339\"> <div class=\"wrap clearfix\"> <div class=\"image post-1593 thegem_pf_item type-thegem_pf_item status-publish has-post-thumbnail\"> <div class=\"image-inner\"> <picture> <source srcset=\"https:\/\/explorerodriguesisland.com\/wp-content\/uploads\/2023\/08\/1-thegem-product-justified-square-m.png 1x\" sizes=\"100vw\"> <img src=\"https:\/\/explorerodriguesisland.com\/wp-content\/uploads\/2023\/08\/1-thegem-product-justified-square-m.png\" width=\"400\" height=\"400\" class=\"attachment-thegem-product-justified-square-m\" alt=\"6. Anse Bouteille\" \/> <\/picture> <\/div> <div class=\"overlay click-disabled\"> <div class=\"overlay-circle\"><\/div> <div class=\"links-wrapper\"> <div class=\"links\"> <\/div> <\/div> <\/div> <\/div> <div class=\"caption click-disabled post-1593 thegem_pf_item type-thegem_pf_item status-publish has-post-thumbnail\"> <div class=\"title\"> <span class=\"text-body\"> 6. Anse Bouteille <\/span> <\/div> <div class=\"caption-separator\"><\/div> <div class=\"subtitle\"> <span class=\"\"><p>Situ\u00e9e sur la c\u00f4te est de Rodrigues, Anse Bouteille est un bijou offrant une escapade paisible. Elle est id\u00e9ale pour la plong\u00e9e avec tuba. Accessible uniquement par randonn\u00e9e, Anse Bouteille promet une exp\u00e9rience calme.<\/p>\n<\/span> <\/div> <div class=\"portfolio-likes\"> <i class=\"default\"><\/i> <a href=\"#\" class=\"zilla-likes\" id=\"zilla-likes-1593\" title=\"Like this\"><span class=\"zilla-likes-count\">1<\/span> <span class=\"zilla-likes-postfix\"><\/span><\/a> <\/div> <\/div> <\/div> <\/div> <div class=\"portfolio-item beaches-and-islet-photos col-xs-12 col-sm-6 columns-desktop-5 item-animations-not-inited portfolio-item-template appearance-type-featured_image post-1594 thegem_pf_item type-thegem_pf_item status-publish has-post-thumbnail\" data-default-sort=\"2\" data-sort-date=\"1748684343\"> <div class=\"wrap clearfix\"> <div class=\"image post-1594 thegem_pf_item type-thegem_pf_item status-publish has-post-thumbnail\"> <div class=\"image-inner\"> <picture> <source srcset=\"https:\/\/explorerodriguesisland.com\/wp-content\/uploads\/2023\/08\/2-thegem-product-justified-square-m.png 1x\" sizes=\"100vw\"> <img src=\"https:\/\/explorerodriguesisland.com\/wp-content\/uploads\/2023\/08\/2-thegem-product-justified-square-m.png\" width=\"400\" height=\"400\" class=\"attachment-thegem-product-justified-square-m\" alt=\"7. Anse Femi\" \/> <\/picture> <\/div> <div class=\"overlay click-disabled\"> <div class=\"overlay-circle\"><\/div> <div class=\"links-wrapper\"> <div class=\"links\"> <\/div> <\/div> <\/div> <\/div> <div class=\"caption click-disabled post-1594 thegem_pf_item type-thegem_pf_item status-publish has-post-thumbnail\"> <div class=\"title\"> <span class=\"text-body\"> 7. Anse Femi <\/span> <\/div> <div class=\"caption-separator\"><\/div> <div class=\"subtitle\"> <span class=\"\"><p>Situ\u00e9e sur la c\u00f4te sud-est de Rodrigues, la plage d'Anse Femi est une plage tranquille, parfaite pour ceux qui recherchent des eaux turquoise et de l'intimit\u00e9. Elle offre un cadre pittoresque. Acc\u00e8s par une route en terre et une randonn\u00e9e.<\/p>\n<\/span> <\/div> <div class=\"portfolio-likes\"> <i class=\"default\"><\/i> <a href=\"#\" class=\"zilla-likes\" id=\"zilla-likes-1594\" title=\"Like this\"><span class=\"zilla-likes-count\">2<\/span> <span class=\"zilla-likes-postfix\"><\/span><\/a> <\/div> <\/div> <\/div> <\/div> <div class=\"portfolio-item beaches-and-islet-photos col-xs-12 col-sm-6 columns-desktop-5 item-animations-not-inited portfolio-item-template appearance-type-featured_image post-14583 thegem_pf_item type-thegem_pf_item status-publish has-post-thumbnail\" data-default-sort=\"0\" data-sort-date=\"1748659701\"> <div class=\"wrap clearfix\"> <div class=\"image post-14583 thegem_pf_item type-thegem_pf_item status-publish has-post-thumbnail\"> <div class=\"image-inner\"> <picture> <source srcset=\"https:\/\/explorerodriguesisland.com\/wp-content\/uploads\/2025\/05\/Graviers-thegem-product-justified-square-m.png 1x\" sizes=\"100vw\"> <img src=\"https:\/\/explorerodriguesisland.com\/wp-content\/uploads\/2025\/05\/Graviers-thegem-product-justified-square-m.png\" width=\"400\" height=\"400\" class=\"attachment-thegem-product-justified-square-m\" alt=\"8. Graviers\" \/> <\/picture> <\/div> <div class=\"overlay click-disabled\"> <div class=\"overlay-circle\"><\/div> <div class=\"links-wrapper\"> <div class=\"links\"> <\/div> <\/div> <\/div> <\/div> <div class=\"caption click-disabled post-14583 thegem_pf_item type-thegem_pf_item status-publish has-post-thumbnail\"> <div class=\"title\"> <span class=\"text-body\"> 8. Graviers <\/span> <\/div> <div class=\"caption-separator\"><\/div> <div class=\"subtitle\"> <span class=\"\"><p>Situ\u00e9e sur la c\u00f4te sud-est de Rodrigues, la plage des Graviers est une longue \u00e9tendue pittoresque parfaite pour des pique-niques en bord de mer, des promenades c\u00f4ti\u00e8res et la baignade. La plage est facilement accessible pour les visiteurs.<\/p>\n<\/span> <\/div> <div class=\"portfolio-likes\"> <i class=\"default\"><\/i> <a href=\"#\" class=\"zilla-likes\" id=\"zilla-likes-14583\" title=\"Like this\"><span class=\"zilla-likes-count\">1<\/span> <span class=\"zilla-likes-postfix\"><\/span><\/a> <\/div> <\/div> <\/div> <\/div> <\/div><!-- .portflio-set --> <div class=\"portfolio-item-size-container\"> <div class=\"portfolio-item col-xs-12 col-sm-6 columns-desktop-5 item-animations-not-inited portfolio-item-template appearance-type-featured_image post-14583 thegem_pf_item type-thegem_pf_item status-publish has-post-thumbnail\"> <\/div> <\/div> <\/div><!-- .row--> <div class=\"portfolio-scroll-pagination\"><\/div> <\/div><!-- .full-width --> <\/div><!-- .portfolio--> <\/div><!-- .portfolio-preloader-wrapper--><\/div><\/div><\/div><\/div>\n<\/div>","protected":false},"excerpt":{"rendered":"","protected":false},"author":1,"featured_media":0,"parent":0,"menu_order":0,"comment_status":"closed","ping_status":"closed","template":"","meta":{"nf_dc_page":"","footnotes":""},"class_list":["post-13916","page","type-page","status-publish"],"yoast_head":"<!-- This site is optimized with the Yoast SEO plugin v27.5 - https:\/\/yoast.com\/product\/yoast-seo-wordpress\/ -->\n<title>Discover The Beaches - Explore Rodrigues Island.com<\/title>\n<meta name=\"robots\" content=\"index, follow, max-snippet:-1, max-image-preview:large, max-video-preview:-1\" \/>\n<link rel=\"canonical\" href=\"https:\/\/explorerodriguesisland.com\/fr\/discover-the-beaches\/\" \/>\n<meta property=\"og:locale\" content=\"fr_FR\" \/>\n<meta property=\"og:type\" content=\"article\" \/>\n<meta property=\"og:title\" content=\"Discover The Beaches - Explore Rodrigues Island.com\" \/>\n<meta property=\"og:url\" content=\"https:\/\/explorerodriguesisland.com\/fr\/discover-the-beaches\/\" \/>\n<meta property=\"og:site_name\" content=\"Explore Rodrigues Island.com\" \/>\n<meta property=\"article:modified_time\" content=\"2025-06-01T10:58:02+00:00\" \/>\n<meta name=\"twitter:card\" content=\"summary_large_image\" \/>\n<meta name=\"twitter:label1\" content=\"Dur\u00e9e de lecture estim\u00e9e\" \/>\n\t<meta name=\"twitter:data1\" content=\"1 minute\" \/>\n<script type=\"application\/ld+json\" class=\"yoast-schema-graph\">{\"@context\":\"https:\\\/\\\/schema.org\",\"@graph\":[{\"@type\":\"WebPage\",\"@id\":\"https:\\\/\\\/explorerodriguesisland.com\\\/discover-the-beaches\\\/\",\"url\":\"https:\\\/\\\/explorerodriguesisland.com\\\/discover-the-beaches\\\/\",\"name\":\"Discover The Beaches - Explore Rodrigues Island.com\",\"isPartOf\":{\"@id\":\"https:\\\/\\\/explorerodriguesisland.com\\\/#website\"},\"breadcrumb\":{\"@id\":\"https:\\\/\\\/explorerodriguesisland.com\\\/discover-the-beaches\\\/#breadcrumb\"},\"inLanguage\":\"fr-FR\",\"potentialAction\":[{\"@type\":\"ReadAction\",\"target\":[\"https:\\\/\\\/explorerodriguesisland.com\\\/discover-the-beaches\\\/\"]}]},{\"@type\":\"BreadcrumbList\",\"@id\":\"https:\\\/\\\/explorerodriguesisland.com\\\/discover-the-beaches\\\/#breadcrumb\",\"itemListElement\":[{\"@type\":\"ListItem\",\"position\":1,\"name\":\"Home\",\"item\":\"https:\\\/\\\/explorerodriguesisland.com\\\/\"},{\"@type\":\"ListItem\",\"position\":2,\"name\":\"Discover The Beaches\"}]},{\"@type\":\"WebSite\",\"@id\":\"https:\\\/\\\/explorerodriguesisland.com\\\/#website\",\"url\":\"https:\\\/\\\/explorerodriguesisland.com\\\/\",\"name\":\"Explore Rodrigues Island.com\",\"description\":\"Explore Rodrigues Island activities in one place.\",\"potentialAction\":[{\"@type\":\"SearchAction\",\"target\":{\"@type\":\"EntryPoint\",\"urlTemplate\":\"https:\\\/\\\/explorerodriguesisland.com\\\/?s={search_term_string}\"},\"query-input\":{\"@type\":\"PropertyValueSpecification\",\"valueRequired\":true,\"valueName\":\"search_term_string\"}}],\"inLanguage\":\"fr-FR\"}]}<\/script>\n<!-- \/ Yoast SEO plugin. -->","yoast_head_json":{"title":"Discover The Beaches - Explore Rodrigues Island.com","robots":{"index":"index","follow":"follow","max-snippet":"max-snippet:-1","max-image-preview":"max-image-preview:large","max-video-preview":"max-video-preview:-1"},"canonical":"https:\/\/explorerodriguesisland.com\/fr\/discover-the-beaches\/","og_locale":"fr_FR","og_type":"article","og_title":"Discover The Beaches - Explore Rodrigues Island.com","og_url":"https:\/\/explorerodriguesisland.com\/fr\/discover-the-beaches\/","og_site_name":"Explore Rodrigues Island.com","article_modified_time":"2025-06-01T10:58:02+00:00","twitter_card":"summary_large_image","twitter_misc":{"Dur\u00e9e de lecture estim\u00e9e":"1 minute"},"schema":{"@context":"https:\/\/schema.org","@graph":[{"@type":"WebPage","@id":"https:\/\/explorerodriguesisland.com\/discover-the-beaches\/","url":"https:\/\/explorerodriguesisland.com\/discover-the-beaches\/","name":"Discover The Beaches - Explore Rodrigues Island.com","isPartOf":{"@id":"https:\/\/explorerodriguesisland.com\/#website"},"breadcrumb":{"@id":"https:\/\/explorerodriguesisland.com\/discover-the-beaches\/#breadcrumb"},"inLanguage":"fr-FR","potentialAction":[{"@type":"ReadAction","target":["https:\/\/explorerodriguesisland.com\/discover-the-beaches\/"]}]},{"@type":"BreadcrumbList","@id":"https:\/\/explorerodriguesisland.com\/discover-the-beaches\/#breadcrumb","itemListElement":[{"@type":"ListItem","position":1,"name":"Home","item":"https:\/\/explorerodriguesisland.com\/"},{"@type":"ListItem","position":2,"name":"Discover The Beaches"}]},{"@type":"WebSite","@id":"https:\/\/explorerodriguesisland.com\/#website","url":"https:\/\/explorerodriguesisland.com\/","name":"Explore Rodrigues Island.com","description":"Explore Rodrigues Island activities in one place.","potentialAction":[{"@type":"SearchAction","target":{"@type":"EntryPoint","urlTemplate":"https:\/\/explorerodriguesisland.com\/?s={search_term_string}"},"query-input":{"@type":"PropertyValueSpecification","valueRequired":true,"valueName":"search_term_string"}}],"inLanguage":"fr-FR"}]}},"_links":{"self":[{"href":"https:\/\/explorerodriguesisland.com\/fr\/wp-json\/wp\/v2\/pages\/13916","targetHints":{"allow":["GET"]}}],"collection":[{"href":"https:\/\/explorerodriguesisland.com\/fr\/wp-json\/wp\/v2\/pages"}],"about":[{"href":"https:\/\/explorerodriguesisland.com\/fr\/wp-json\/wp\/v2\/types\/page"}],"author":[{"embeddable":true,"href":"https:\/\/explorerodriguesisland.com\/fr\/wp-json\/wp\/v2\/users\/1"}],"replies":[{"embeddable":true,"href":"https:\/\/explorerodriguesisland.com\/fr\/wp-json\/wp\/v2\/comments?post=13916"}],"version-history":[{"count":5,"href":"https:\/\/explorerodriguesisland.com\/fr\/wp-json\/wp\/v2\/pages\/13916\/revisions"}],"predecessor-version":[{"id":14626,"href":"https:\/\/explorerodriguesisland.com\/fr\/wp-json\/wp\/v2\/pages\/13916\/revisions\/14626"}],"wp:attachment":[{"href":"https:\/\/explorerodriguesisland.com\/fr\/wp-json\/wp\/v2\/media?parent=13916"}],"curies":[{"name":"wp","href":"https:\/\/api.w.org\/{rel}","templated":true}]}}